{"id":42,"date":"2016-04-26T12:34:20","date_gmt":"2016-04-26T12:34:20","guid":{"rendered":"http:\/\/flatsome.dev\/?page_id=7316"},"modified":"2024-09-08T15:15:09","modified_gmt":"2024-09-08T14:15:09","slug":"vendor-shop","status":"publish","type":"page","link":"https:\/\/nekretninesorak.rs\/","title":{"rendered":"Po\u010detna"},"content":{"rendered":"\n\t<section class=\"section\" id=\"section_840917329\">\n\t\t<div class=\"bg section-bg fill bg-fill  bg-loaded\" >\n\n\t\t\t\n\t\t\t<div class=\"section-bg-overlay absolute fill\"><\/div>\n\t\t\t\n\n\t\t<\/div>\n\n\t\t\n\n\t\t<div class=\"section-content relative\">\n\t\t\t\n\n  <div class=\"banner-grid-wrapper\">\n  <div id=\"banner-grid-833869900\" class=\"banner-grid row row-grid row-small row-box-shadow-1\" data-packery-options=\"\">\n                      \n\n<div class=\"col grid-col small-13 large-8 grid-col-1-2\" ><div class=\"col-inner\">\n\n\n  <div class=\"banner has-hover bg-zoom\" id=\"banner-1783834633\">\n          <div class=\"banner-inner fill\">\n        <div class=\"banner-bg fill\" >\n            <div class=\"bg fill bg-fill \"><\/div>\n                        <div class=\"overlay\"><\/div>            \n\t<div class=\"is-border\"\n\t\tstyle=\"border-width:2px 2px 2px 2px;margin:10px 10px 10px 10px;\">\n\t<\/div>\n                    <\/div>\n\t\t\n        <div class=\"banner-layers container\">\n            <div class=\"fill banner-link\"><\/div>            \n\n   <div id=\"text-box-490768684\" class=\"text-box banner-layer x10 md-x10 lg-x10 y50 md-y50 lg-y50 res-text\">\n                     <div data-animate=\"fadeInLeft\">           <div class=\"text-box-content text dark\">\n              \n              <div class=\"text-inner text-left\">\n                  \n\n<h6 class=\"uppercase\">&nbsp;<\/h6>\n<h2><strong>Prodaja stanova<\/strong><\/h2>\n<p class=\"lead\">\n<a href=\"https:\/\/nekretninesorak.rs\/?product_cat=stanovi\" class=\"button primary is-shade\"  style=\"border-radius:99px;\">\n    <span>Pogledajte ponudu<\/span>\n  <\/a>\n\n\n\n              <\/div>\n           <\/div>\n       <\/div>                     \n<style>\n#text-box-490768684 {\n  width: 90%;\n}\n#text-box-490768684 .text-box-content {\n  font-size: 102%;\n}\n@media (min-width:550px) {\n  #text-box-490768684 {\n    width: 65%;\n  }\n}\n<\/style>\n    <\/div>\n \n\n        <\/div>\n      <\/div>\n\n            \n<style>\n#banner-1783834633 {\n  padding-top: 500px;\n}\n#banner-1783834633 .bg.bg-loaded {\n  background-image: url(https:\/\/nekretninesorak.rs\/wp-content\/uploads\/2021\/10\/nekretnineSorak-dolazakAgenta-1.jpg);\n}\n#banner-1783834633 .overlay {\n  background-color: rgba(0, 0, 0, 0.5);\n}\n#banner-1783834633 .bg {\n  background-position: 32% 58%;\n}\n<\/style>\n  <\/div>\n\n\n\n<\/div><\/div>\n<div class=\"col grid-col small-13 large-4 grid-col-2-3\" ><div class=\"col-inner\">\n\n\n  <div class=\"banner has-hover bg-zoom\" id=\"banner-1372836788\">\n          <div class=\"banner-inner fill\">\n        <div class=\"banner-bg fill\" >\n            <div class=\"bg fill bg-fill \"><\/div>\n                        <div class=\"overlay\"><\/div>            \n\t<div class=\"is-border\"\n\t\tstyle=\"border-width:2px 2px 2px 2px;margin:10px 10px 10px 10px;\">\n\t<\/div>\n                    <\/div>\n\t\t\n        <div class=\"banner-layers container\">\n            <div class=\"fill banner-link\"><\/div>            \n\n   <div id=\"text-box-2014000616\" class=\"text-box banner-layer x50 md-x50 lg-x50 y50 md-y50 lg-y50 res-text\">\n                                <div class=\"text-box-content text dark\">\n              \n              <div class=\"text-inner text-center\">\n                  \n\n<div class=\"social-icons follow-icons\" style=\"font-size:216%\"><a href=\"https:\/\/www.facebook.com\/groups\/124338836270573\/\" target=\"_blank\" data-label=\"Facebook\" class=\"icon primary button circle facebook tooltip\" title=\"Follow on Facebook\" aria-label=\"Follow on Facebook\" rel=\"noopener nofollow\" ><i class=\"icon-facebook\" ><\/i><\/a><\/div>\n\n<h2><strong>Iznajmljivanje nekretnina<\/strong><\/h2>\n\n              <\/div>\n           <\/div>\n                            \n<style>\n#text-box-2014000616 {\n  width: 74%;\n}\n#text-box-2014000616 .text-box-content {\n  font-size: 100%;\n}\n<\/style>\n    <\/div>\n \n\n        <\/div>\n      <\/div>\n\n            \n<style>\n#banner-1372836788 {\n  padding-top: 500px;\n}\n#banner-1372836788 .bg.bg-loaded {\n  background-image: url(https:\/\/nekretninesorak.rs\/wp-content\/uploads\/2021\/10\/nekretnineSorak-dolazakAgenta-2-624x400.jpg);\n}\n#banner-1372836788 .overlay {\n  background-color: rgba(0, 0, 0, 0.506);\n}\n#banner-1372836788 .bg {\n  background-position: 47% 55%;\n}\n<\/style>\n  <\/div>\n\n\n\n<\/div><\/div>\n<div class=\"col grid-col small-15 large-4 grid-col-1-2\" ><div class=\"col-inner\">\n\n\n  <div class=\"banner has-hover bg-zoom\" id=\"banner-2020723753\">\n          <div class=\"banner-inner fill\">\n        <div class=\"banner-bg fill\" >\n            <div class=\"bg fill bg-fill \"><\/div>\n                        <div class=\"overlay\"><\/div>            \n\t<div class=\"is-border\"\n\t\tstyle=\"border-width:2px 2px 2px 2px;margin:10px 10px 10px 10px;\">\n\t<\/div>\n                    <\/div>\n\t\t\n        <div class=\"banner-layers container\">\n            <div class=\"fill banner-link\"><\/div>            \n\n   <div id=\"text-box-316550002\" class=\"text-box banner-layer x50 md-x50 lg-x50 y85 md-y85 lg-y85 res-text\">\n                     <div data-animate=\"fadeInLeft\">           <div class=\"text-box-content text \">\n              \n              <div class=\"text-inner text-left\">\n                  \n\n\t<div id=\"text-1391233253\" class=\"text\">\n\t\t\n\n<h6 class=\"uppercase\" i&nbsp;<\/h6>\n<h2><strong>Prodaja ku\u0107a<\/strong><\/h2>\n\t\t\n<style>\n#text-1391233253 {\n  color: rgb(255, 255, 255);\n}\n#text-1391233253 > * {\n  color: rgb(255, 255, 255);\n}\n<\/style>\n\t<\/div>\n\t\n<a href=\"https:\/\/nekretninesorak.rs\/?product_cat=kuce\" class=\"button primary is-shade is-larger\"  style=\"border-radius:99px;\">\n    <span>Pogledajte ponudu<\/span>\n  <\/a>\n\n\n\n              <\/div>\n           <\/div>\n       <\/div>                     \n<style>\n#text-box-316550002 {\n  width: 60%;\n}\n#text-box-316550002 .text-box-content {\n  font-size: 100%;\n}\n@media (min-width:550px) {\n  #text-box-316550002 {\n    width: 80%;\n  }\n}\n<\/style>\n    <\/div>\n \n\n        <\/div>\n      <\/div>\n\n            \n<style>\n#banner-2020723753 {\n  padding-top: 500px;\n}\n#banner-2020723753 .bg.bg-loaded {\n  background-image: url(https:\/\/nekretninesorak.rs\/wp-content\/uploads\/2021\/10\/Real-estate-8478857d-711x400.jpg);\n}\n#banner-2020723753 .overlay {\n  background-color: rgba(0, 0, 0, 0.651);\n}\n#banner-2020723753 .bg {\n  background-position: 66% 22%;\n}\n<\/style>\n  <\/div>\n\n\n\n<\/div><\/div>\n<div class=\"col grid-col small-13 large-4 grid-col-1-2\" ><div class=\"col-inner\">\n\n\n  <div class=\"banner has-hover bg-zoom\" id=\"banner-98946950\">\n          <div class=\"banner-inner fill\">\n        <div class=\"banner-bg fill\" >\n            <div class=\"bg fill bg-fill \"><\/div>\n                        <div class=\"overlay\"><\/div>            \n\t<div class=\"is-border\"\n\t\tstyle=\"border-width:2px 2px 2px 2px;margin:10px 10px 10px 10px;\">\n\t<\/div>\n                    <\/div>\n\t\t\n        <div class=\"banner-layers container\">\n            <div class=\"fill banner-link\"><\/div>            \n\n   <div id=\"text-box-1685582516\" class=\"text-box banner-layer x10 md-x10 lg-x10 y85 md-y85 lg-y85 res-text\">\n                                <div class=\"text-box-content text dark\">\n              \n              <div class=\"text-inner text-left\">\n                  \n\n<h2><strong>Prodaja vikendica i placeva<\/strong><\/h2>\n<p class=\"lead\">\n<a href=\"https:\/\/nekretninesorak.rs\/?product_cat=vikendice\" class=\"button primary is-shade is-larger\"  style=\"border-radius:99px;\">\n    <span>Pogledajte ponudu<\/span>\n  <\/a>\n\n\n\n              <\/div>\n           <\/div>\n                            \n<style>\n#text-box-1685582516 {\n  width: 80%;\n}\n#text-box-1685582516 .text-box-content {\n  font-size: 100%;\n}\n<\/style>\n    <\/div>\n \n\n        <\/div>\n      <\/div>\n\n            \n<style>\n#banner-98946950 {\n  padding-top: 500px;\n}\n#banner-98946950 .bg.bg-loaded {\n  background-image: url(https:\/\/nekretninesorak.rs\/wp-content\/uploads\/2021\/10\/jkhkj-600x400.jpg);\n}\n#banner-98946950 .overlay {\n  background-color: rgba(0, 0, 0, 0.407);\n}\n<\/style>\n  <\/div>\n\n\n\n<\/div><\/div>\n<div class=\"col grid-col small-15 large-4 grid-col-1-3\" ><div class=\"col-inner\">\n\n\n  <div class=\"banner has-hover bg-zoom\" id=\"banner-1593759664\">\n          <div class=\"banner-inner fill\">\n        <div class=\"banner-bg fill\" >\n            <div class=\"bg fill bg-fill \"><\/div>\n                        <div class=\"overlay\"><\/div>            \n\t<div class=\"is-border\"\n\t\tstyle=\"border-width:2px 2px 2px 2px;margin:10px 10px 10px 10px;\">\n\t<\/div>\n                    <\/div>\n\t\t\n        <div class=\"banner-layers container\">\n            <div class=\"fill banner-link\"><\/div>            \n\n   <div id=\"text-box-1407307733\" class=\"text-box banner-layer x50 md-x50 lg-x50 y85 md-y85 lg-y85 res-text\">\n                                <div class=\"text-box-content text dark\">\n              \n              <div class=\"text-inner text-left\">\n                  \n\n<h2><strong>Poslovni prostori i lokali<\/strong><\/h2>\n<a href=\"https:\/\/nekretninesorak.rs\/?product_cat=poslovni-prostor\" class=\"button primary is-shade is-large\"  style=\"border-radius:99px;\">\n    <span>Pogledajte ponudu<\/span>\n  <\/a>\n\n\n\n              <\/div>\n           <\/div>\n                            \n<style>\n#text-box-1407307733 {\n  width: 79%;\n}\n#text-box-1407307733 .text-box-content {\n  font-size: 100%;\n}\n<\/style>\n    <\/div>\n \n\n        <\/div>\n      <\/div>\n\n            \n<style>\n#banner-1593759664 {\n  padding-top: 500px;\n}\n#banner-1593759664 .bg.bg-loaded {\n  background-image: url(https:\/\/nekretninesorak.rs\/wp-content\/uploads\/2021\/10\/23825-418387-600x400.jpg);\n}\n#banner-1593759664 .overlay {\n  background-color: rgba(0, 0, 0, 0.378);\n}\n<\/style>\n  <\/div>\n\n\n\n<\/div><\/div>\n\n            <\/div>\n    <style>\n    #banner-grid-833869900 .grid-col-1{height: 666px}\n    #banner-grid-833869900 .grid-col-1-2{height: 333px}\n    #banner-grid-833869900 .grid-col-1-3{height:222px}\n    #banner-grid-833869900 .grid-col-2-3{height: 444px}\n    #banner-grid-833869900 .grid-col-1-4{height: 166.5px}\n    #banner-grid-833869900 .grid-col-3-4{height: 499.5px}\n\n\n    \n    \n\n  <\/style>\n    <\/div>\n  \n\n\t\t<\/div>\n\n\t\t\n<style>\n#section_840917329 {\n  padding-top: 30px;\n  padding-bottom: 30px;\n  background-color: rgb(255, 255, 255);\n}\n#section_840917329 .section-bg-overlay {\n  background-color: rgba(255, 255, 255, 0.62);\n}\n<\/style>\n\t<\/section>\n\t\n\t<section class=\"section\" id=\"section_1834960520\">\n\t\t<div class=\"bg section-bg fill bg-fill  bg-loaded\" >\n\n\t\t\t\n\t\t\t<div class=\"section-bg-overlay absolute fill\"><\/div>\n\t\t\t\n\t<div class=\"is-border\"\n\t\tstyle=\"border-color:rgba(0, 0, 0, 0.05);border-width:1px 0px 0px 0px;\">\n\t<\/div>\n\n\t\t<\/div>\n\n\t\t\n\n\t\t<div class=\"section-content relative\">\n\t\t\t\n\n<div class=\"row\"  id=\"row-685149107\">\n\n\n\t<div id=\"col-875558410\" class=\"col medium-6 small-12 large-6\"  >\n\t\t\t\t<div class=\"col-inner\"  >\n\t\t\t\n\t\t\t\n\n\t<div id=\"gap-517958823\" class=\"gap-element clearfix\" style=\"display:block; height:auto;\">\n\t\t\n<style>\n#gap-517958823 {\n  padding-top: 14px;\n}\n<\/style>\n\t<\/div>\n\t\n\n<h2><strong>NEKRETNINE \u0160ORAK\u00a0<\/strong><\/h2>\n<p>ovla\u0161tena je agencija za posredovanje i olak\u0161avanje pristupa informacijama vezanim za promet nekretnina, sa kratkim periodom poslovanja pod tim imenom ali sa vi\u0161egodi\u0161njim iskustvom rada na tom podru\u010dju.Cilj agencije je pru\u017eiti kvalitetnu uslugu\u00a0 kao i objediniti re\u0161avanje celokupne problematike koja nastaje kod kupovine i prodaje nekretnina, te na taj na\u010din klijentima \u0161to vi\u0161e olak\u0161ati i ubrzati sam \u010din kupoprodaje. Agencija Nekretnine \u0160orak upisana je u Registar posrednika pod rednim brojem 851.<\/p>\n\n\t\t<\/div>\n\t\t\t\t\t<\/div>\n\n\t\n\n\t<div id=\"col-1254857992\" class=\"col medium-6 small-12 large-6\"  >\n\t\t\t\t<div class=\"col-inner\"  >\n\t\t\t\n\t\t\t\n\n<div class=\"video video-fit mb\" style=\"padding-top:56%;\"><iframe loading=\"lazy\" title=\"NEKRETNINE \u0160ORAK Sremska Mitrovica\" width=\"1020\" height=\"574\" src=\"https:\/\/www.youtube.com\/embed\/Z-z8-yEqgjk?feature=oembed\" frameborder=\"0\" allow=\"accelerometer; autoplay; clipboard-write; encrypted-media; gyroscope; picture-in-picture\" allowfullscreen><\/iframe><\/div>\n\n\n\t\t<\/div>\n\t\t\t\t\t<\/div>\n\n\t\n\n<\/div>\n\n\t\t<\/div>\n\n\t\t\n<style>\n#section_1834960520 {\n  padding-top: 30px;\n  padding-bottom: 30px;\n  background-color: rgb(246, 246, 246);\n}\n#section_1834960520 .section-bg-overlay {\n  background-color: rgba(255,255,255,.5);\n}\n<\/style>\n\t<\/section>\n\t\n\n","protected":false},"excerpt":{"rendered":"","protected":false},"author":1,"featured_media":17,"parent":0,"menu_order":14,"comment_status":"closed","ping_status":"closed","template":"page-blank.php","meta":{"footnotes":""},"class_list":["post-42","page","type-page","status-publish","has-post-thumbnail","hentry"],"_links":{"self":[{"href":"https:\/\/nekretninesorak.rs\/index.php?rest_route=\/wp\/v2\/pages\/42","targetHints":{"allow":["GET"]}}],"collection":[{"href":"https:\/\/nekretninesorak.rs\/index.php?rest_route=\/wp\/v2\/pages"}],"about":[{"href":"https:\/\/nekretninesorak.rs\/index.php?rest_route=\/wp\/v2\/types\/page"}],"author":[{"embeddable":true,"href":"https:\/\/nekretninesorak.rs\/index.php?rest_route=\/wp\/v2\/users\/1"}],"replies":[{"embeddable":true,"href":"https:\/\/nekretninesorak.rs\/index.php?rest_route=%2Fwp%2Fv2%2Fcomments&post=42"}],"version-history":[{"count":96,"href":"https:\/\/nekretninesorak.rs\/index.php?rest_route=\/wp\/v2\/pages\/42\/revisions"}],"predecessor-version":[{"id":3288,"href":"https:\/\/nekretninesorak.rs\/index.php?rest_route=\/wp\/v2\/pages\/42\/revisions\/3288"}],"wp:featuredmedia":[{"embeddable":true,"href":"https:\/\/nekretninesorak.rs\/index.php?rest_route=\/wp\/v2\/media\/17"}],"wp:attachment":[{"href":"https:\/\/nekretninesorak.rs\/index.php?rest_route=%2Fwp%2Fv2%2Fmedia&parent=42"}],"curies":[{"name":"wp","href":"https:\/\/api.w.org\/{rel}","templated":true}]}}