{"id":2560,"date":"2023-06-11T20:30:14","date_gmt":"2023-06-11T19:30:14","guid":{"rendered":"https:\/\/nekretninesorak.rs\/?post_type=product&#038;p=2560"},"modified":"2025-10-15T14:44:58","modified_gmt":"2025-10-15T13:44:58","slug":"stambeno-poslovni-objekat-broj-1-arsenija-carnojevica-31-33","status":"publish","type":"product","link":"https:\/\/nekretninesorak.rs\/?product=stambeno-poslovni-objekat-broj-1-arsenija-carnojevica-31-33","title":{"rendered":"Stambeno- poslovni objekat broj 1, Arsenija \u010carnojevi\u0107a 31, 1.600 evra m2"},"content":{"rendered":"<p>&nbsp;<\/p>\n<p><img loading=\"lazy\" decoding=\"async\" class=\"alignnone size-full wp-image-2575\" src=\"https:\/\/nekretninesorak.rs\/wp-content\/uploads\/2023\/06\/obj01_stan14.png\" alt=\"\" width=\"1755\" height=\"1241\" srcset=\"https:\/\/nekretninesorak.rs\/wp-content\/uploads\/2023\/06\/obj01_stan14.png 1755w, https:\/\/nekretninesorak.rs\/wp-content\/uploads\/2023\/06\/obj01_stan14-566x400.png 566w, https:\/\/nekretninesorak.rs\/wp-content\/uploads\/2023\/06\/obj01_stan14-1131x800.png 1131w, https:\/\/nekretninesorak.rs\/wp-content\/uploads\/2023\/06\/obj01_stan14-768x543.png 768w, https:\/\/nekretninesorak.rs\/wp-content\/uploads\/2023\/06\/obj01_stan14-1536x1086.png 1536w, https:\/\/nekretninesorak.rs\/wp-content\/uploads\/2023\/06\/obj01_stan14-300x212.png 300w, https:\/\/nekretninesorak.rs\/wp-content\/uploads\/2023\/06\/obj01_stan14-600x424.png 600w\" sizes=\"auto, (max-width: 1755px) 100vw, 1755px\" \/><\/p>\n","protected":false},"excerpt":{"rendered":"<p>Objekat 1 \u2013 stambeno-poslovni objekat<br \/>\nObjekat je izgra\u0111en u ulici Arsenija \u010carnojevi\u0107a u Sremskoj Mitrovici, na katastarskoj<br \/>\nparceli broj 9228 K.O. Sremska Mitrovica.<\/p>\n","protected":false},"featured_media":2580,"template":"","meta":[],"product_brand":[],"product_cat":[71],"product_tag":[156,97],"class_list":{"0":"post-2560","1":"product","2":"type-product","3":"status-publish","4":"has-post-thumbnail","6":"product_cat-stanovi","7":"product_tag-arsenijacarnojevica","8":"product_tag-stan-nova-gradnja-neketnine-sorak","10":"first","11":"instock","12":"shipping-taxable","13":"product-type-simple"},"_links":{"self":[{"href":"https:\/\/nekretninesorak.rs\/index.php?rest_route=\/wp\/v2\/product\/2560","targetHints":{"allow":["GET"]}}],"collection":[{"href":"https:\/\/nekretninesorak.rs\/index.php?rest_route=\/wp\/v2\/product"}],"about":[{"href":"https:\/\/nekretninesorak.rs\/index.php?rest_route=\/wp\/v2\/types\/product"}],"wp:featuredmedia":[{"embeddable":true,"href":"https:\/\/nekretninesorak.rs\/index.php?rest_route=\/wp\/v2\/media\/2580"}],"wp:attachment":[{"href":"https:\/\/nekretninesorak.rs\/index.php?rest_route=%2Fwp%2Fv2%2Fmedia&parent=2560"}],"wp:term":[{"taxonomy":"product_brand","embeddable":true,"href":"https:\/\/nekretninesorak.rs\/index.php?rest_route=%2Fwp%2Fv2%2Fproduct_brand&post=2560"},{"taxonomy":"product_cat","embeddable":true,"href":"https:\/\/nekretninesorak.rs\/index.php?rest_route=%2Fwp%2Fv2%2Fproduct_cat&post=2560"},{"taxonomy":"product_tag","embeddable":true,"href":"https:\/\/nekretninesorak.rs\/index.php?rest_route=%2Fwp%2Fv2%2Fproduct_tag&post=2560"}],"curies":[{"name":"wp","href":"https:\/\/api.w.org\/{rel}","templated":true}]}}